{"id":2,"date":"2020-12-09T08:39:08","date_gmt":"2020-12-09T07:39:08","guid":{"rendered":"\/?page_id=2"},"modified":"2021-04-15T11:24:13","modified_gmt":"2021-04-15T09:24:13","slug":"leistungen","status":"publish","type":"page","link":"https:\/\/www.pyro1-feuerwerke.de\/?page_id=2","title":{"rendered":"Unsere Leistungen"},"content":{"rendered":"\n<h3 class=\"wp-block-heading\"><strong><u>Silvester: <\/u><\/strong>\u00a0<\/h3>\n\n\n\n<p>Ein Tag an dem Feuerwerk nicht fehlen darf. Wer etwas Exklusives f\u00fcr seine Party sucht ist bei uns genau richtig. Gerne bestellen wir f\u00fcr euch Fachhandelsware oder bauen dir dein Feuerwerk genau nach deinen\u00a0 W\u00fcnschen.<\/p>\n\n\n\n<h3 class=\"wp-block-heading\"><strong><u>Geburtstagsfeuerwerk:<\/u><\/strong><\/h3>\n\n\n\n<p>Ihr wollt ein Geburtstagskind mit einem Feuerwerk \u00fcberraschen? Kein Problem! Wir machen das !<\/p>\n\n\n\n<h3 class=\"wp-block-heading\"><strong><u>Hochzeitsfeuerwerk:<\/u><\/strong><\/h3>\n\n\n\n<p>Ein Highlight auf jeder Hochzeit ist nat\u00fcrlich ein Feuerwerk.<\/p>\n\n\n\n<h3 class=\"wp-block-heading\"><strong><u>Grossfeuerwerk:<\/u><\/strong> <\/h3>\n\n\n\n<p>Firmenfeier oder Vereinsjubil\u00e4um ? Egal ! Ein Feuerwerk kann sich zu fast\u00a0jeden Anlass sehen lassen.<\/p>\n\n\n\n<h3 class=\"wp-block-heading\"><strong><u>Lichterbilder und Feuerschriften<\/u>: <\/strong><\/h3>\n\n\n\n<p>Eine gelungene \u00dcberraschung wenn es etwas kleiner und leiser sein soll. (ohne gro\u00dfen B\u00fcrokratieaufwand in jedem Garten m\u00f6glich) Oder als Opener in ein fulminantes Hochzeitsfeuerwerk.<\/p>\n\n\n\n<h3 class=\"wp-block-heading\"><strong><u>Pyrorauch und Bengal:<\/u><\/strong><\/h3>\n\n\n\n<p>Immer \u00f6fter kommen Rauch und Bengalartikel auf Fotos vor. Auch diese k\u00f6nnt ihr bei uns erwerben. Wir haben sie in s\u00e4mtlichen Farben und Ausf\u00fchrungen das ganze Jahr lagernd.<\/p>\n\n\n\n<p>Sie sind auch das ganze Jahr frei verk\u00e4uflich<strong> (ab 18 Jahren).<\/strong><\/p>\n","protected":false},"excerpt":{"rendered":"<p>Silvester: \u00a0 Ein Tag an dem Feuerwerk nicht fehlen darf. Wer etwas Exklusives f\u00fcr seine Party sucht ist bei uns genau richtig. Gerne bestellen wir f\u00fcr euch Fachhandelsware oder bauen dir dein Feuerwerk genau nach deinen\u00a0 W\u00fcnschen. Geburtstagsfeuerwerk: Ihr wollt ein Geburtstagskind mit einem Feuerwerk \u00fcberraschen? Kein Problem! Wir machen das ! Hochzeitsfeuerwerk: Ein Highlight &hellip; <\/p>\n<p class=\"link-more\"><a href=\"https:\/\/www.pyro1-feuerwerke.de\/?page_id=2\" class=\"more-link\"><span class=\"screen-reader-text\">\u201eUnsere Leistungen\u201c<\/span> weiterlesen<\/a><\/p>\n","protected":false},"author":1,"featured_media":0,"parent":0,"menu_order":0,"comment_status":"closed","ping_status":"closed","template":"","meta":{"footnotes":""},"class_list":["post-2","page","type-page","status-publish","hentry"],"_links":{"self":[{"href":"https:\/\/www.pyro1-feuerwerke.de\/index.php?rest_route=\/wp\/v2\/pages\/2","targetHints":{"allow":["GET"]}}],"collection":[{"href":"https:\/\/www.pyro1-feuerwerke.de\/index.php?rest_route=\/wp\/v2\/pages"}],"about":[{"href":"https:\/\/www.pyro1-feuerwerke.de\/index.php?rest_route=\/wp\/v2\/types\/page"}],"author":[{"embeddable":true,"href":"https:\/\/www.pyro1-feuerwerke.de\/index.php?rest_route=\/wp\/v2\/users\/1"}],"replies":[{"embeddable":true,"href":"https:\/\/www.pyro1-feuerwerke.de\/index.php?rest_route=%2Fwp%2Fv2%2Fcomments&post=2"}],"version-history":[{"count":2,"href":"https:\/\/www.pyro1-feuerwerke.de\/index.php?rest_route=\/wp\/v2\/pages\/2\/revisions"}],"predecessor-version":[{"id":42,"href":"https:\/\/www.pyro1-feuerwerke.de\/index.php?rest_route=\/wp\/v2\/pages\/2\/revisions\/42"}],"wp:attachment":[{"href":"https:\/\/www.pyro1-feuerwerke.de\/index.php?rest_route=%2Fwp%2Fv2%2Fmedia&parent=2"}],"curies":[{"name":"wp","href":"https:\/\/api.w.org\/{rel}","templated":true}]}}