{"id":43,"date":"2021-04-15T11:25:45","date_gmt":"2021-04-15T09:25:45","guid":{"rendered":"https:\/\/www.pyro1-feuerwerke.de\/?page_id=43"},"modified":"2021-04-15T11:25:45","modified_gmt":"2021-04-15T09:25:45","slug":"faq","status":"publish","type":"page","link":"https:\/\/www.pyro1-feuerwerke.de\/?page_id=43","title":{"rendered":"FAQ"},"content":{"rendered":"\n<p><strong><u>Ich h\u00e4tte gerne ein Feuerwerk. Aber wie ?<\/u><\/strong><\/p>\n\n\n\n<p>Kannst du haben! Lass uns einfach eine Anfrage zukommen oder ruf uns an.<\/p>\n\n\n\n<p>Wir nehmen uns gerne die Zeit, beraten dich im vollen Umfang und unterbreiten dir gerne ein Angebot.<\/p>\n\n\n\n<p><strong><u>Was kostet ein Feuerwerk?<\/u><\/strong><\/p>\n\n\n\n<p>Das l\u00e4sst sich leider Pauschal nicht so genau sagen. Feuerwerk ist Kunst und Kunst ist Individuell. Da wir im Auftrag unserer Kunden handeln und um die unterschiedlichsten W\u00fcnsche erf\u00fcllen zu k\u00f6nnen, gestaltet sich hier auch der Preis ziemlich unterschiedlich.<\/p>\n\n\n\n<p>Hierbei spielt auch die Location eine Rolle.<\/p>\n\n\n\n<p><strong><u>Muss ein Feuerwerk genehmigt werden?<\/u><\/strong><\/p>\n\n\n\n<p>Ja aber das \u00fcbernehmen wir.<\/p>\n\n\n\n<p><strong><u>Kann ich mein Feuerwerk selbst z\u00fcnden?<\/u><\/strong><\/p>\n\n\n\n<p>Ja! Wir bauen auch Feuerwerke zum selbst z\u00fcnden.<\/p>\n\n\n\n<p>Aber nicht von der Stange!<\/p>\n\n\n\n<p>Auch bei einem Feuerwerk zum selbst z\u00fcnden gehen wir auf deine W\u00fcnsche ein und verwenden ausschlie\u00dflich Fachhandelsware wie z.B von Blackboxx Fireworks, Nico oder Zink.<\/p>\n\n\n\n<p>Geliefert wird das ganze auf OSB Platten komplett verklebt, verleitet&nbsp; und Spritzwassergesch\u00fctzt verpackt. Auf Wunsch sogar mit Funkz\u00fcndung.<\/p>\n\n\n\n<p><strong><u>Was passiert bei Regen, Schnee oder Sturm?<\/u><\/strong><\/p>\n\n\n\n<p>Auch die Witterung hat Einfluss auf ein Feuerwerk. Bei Regen oder Schnee gibt es kein Problem, da unsere Feuerwerke immer Wasserdicht verpackt sind.<\/p>\n\n\n\n<p>Anders ist es jedoch bei Sturm. Bei Wind Geschwindigkeiten \u00fcber 32,4 Km\/h muss ein Feuerwerk leider abgesagt werden.<\/p>\n\n\n\n<p><strong><u>Was ist wenn etwas passiert?&nbsp;<\/u><\/strong><\/p>\n\n\n\n<p>Keine Angst wir sind gut Versichert.<\/p>\n\n\n\n<p><strong><u>Wer k\u00fcmmert sich ums aufr\u00e4umen?<\/u><\/strong><\/p>\n\n\n\n<p>Wenn wir ein Feuerwerk f\u00fcr euch machen sollt ihr da keine Arbeit damit haben.<\/p>\n\n\n\n<p>In unserem Preis den wir euch machen ist alles dabei ( Rundumsorglospaket)<\/p>\n\n\n\n<p><strong><u>Wo darf ein Feuerwerk abgebrannt werden?<\/u><\/strong><\/p>\n\n\n\n<p>Fast \u00fcberall ! Aber das schauen wir uns gemeinsam an.<\/p>\n\n\n\n<p><strong><u>Sollte die passende Antwort auf deine Frage nicht dabei sein dann ruf uns einfach an. Wir haben auf alles eine Antwort<\/u><\/strong>!<\/p>\n","protected":false},"excerpt":{"rendered":"<p>Ich h\u00e4tte gerne ein Feuerwerk. Aber wie ? Kannst du haben! Lass uns einfach eine Anfrage zukommen oder ruf uns an. Wir nehmen uns gerne die Zeit, beraten dich im vollen Umfang und unterbreiten dir gerne ein Angebot. Was kostet ein Feuerwerk? Das l\u00e4sst sich leider Pauschal nicht so genau sagen. Feuerwerk ist Kunst und &hellip; <\/p>\n<p class=\"link-more\"><a href=\"https:\/\/www.pyro1-feuerwerke.de\/?page_id=43\" class=\"more-link\"><span class=\"screen-reader-text\">\u201eFAQ\u201c<\/span> weiterlesen<\/a><\/p>\n","protected":false},"author":1,"featured_media":0,"parent":0,"menu_order":0,"comment_status":"closed","ping_status":"closed","template":"","meta":{"footnotes":""},"class_list":["post-43","page","type-page","status-publish","hentry"],"_links":{"self":[{"href":"https:\/\/www.pyro1-feuerwerke.de\/index.php?rest_route=\/wp\/v2\/pages\/43","targetHints":{"allow":["GET"]}}],"collection":[{"href":"https:\/\/www.pyro1-feuerwerke.de\/index.php?rest_route=\/wp\/v2\/pages"}],"about":[{"href":"https:\/\/www.pyro1-feuerwerke.de\/index.php?rest_route=\/wp\/v2\/types\/page"}],"author":[{"embeddable":true,"href":"https:\/\/www.pyro1-feuerwerke.de\/index.php?rest_route=\/wp\/v2\/users\/1"}],"replies":[{"embeddable":true,"href":"https:\/\/www.pyro1-feuerwerke.de\/index.php?rest_route=%2Fwp%2Fv2%2Fcomments&post=43"}],"version-history":[{"count":1,"href":"https:\/\/www.pyro1-feuerwerke.de\/index.php?rest_route=\/wp\/v2\/pages\/43\/revisions"}],"predecessor-version":[{"id":44,"href":"https:\/\/www.pyro1-feuerwerke.de\/index.php?rest_route=\/wp\/v2\/pages\/43\/revisions\/44"}],"wp:attachment":[{"href":"https:\/\/www.pyro1-feuerwerke.de\/index.php?rest_route=%2Fwp%2Fv2%2Fmedia&parent=43"}],"curies":[{"name":"wp","href":"https:\/\/api.w.org\/{rel}","templated":true}]}}