{"id":50,"date":"2021-04-15T11:36:47","date_gmt":"2021-04-15T09:36:47","guid":{"rendered":"https:\/\/www.pyro1-feuerwerke.de\/?page_id=50"},"modified":"2021-04-15T11:36:47","modified_gmt":"2021-04-15T09:36:47","slug":"impressum","status":"publish","type":"page","link":"https:\/\/www.pyro1-feuerwerke.de\/?page_id=50","title":{"rendered":"Impressum"},"content":{"rendered":"\n<p>Pyro1 Feuerwerke<br>Inhaber: Dominik R\u00fcbl<br>Erlenweg 19<br>92685 Floss<br>Mobil. 0175\/7952096<br>E-Mail: info@pyro1-feuerwerke.de<\/p>\n\n\n\n<p>Zust\u00e4ndige Aufsichtsbeh\u00f6rde<br>Regierung der Oberpfalz- Gewerbeaufsichtsamt<br>Regensburg<\/p>\n\n\n\n<p>Verantwortlich f\u00fcr den Inhalt nach \u00a755 Abs.2 RstV:<br>Dominik R\u00fcbl<br>Erlenweg 19<br>92685 Floss<\/p>\n","protected":false},"excerpt":{"rendered":"<p>Pyro1 FeuerwerkeInhaber: Dominik R\u00fcblErlenweg 1992685 FlossMobil. 0175\/7952096E-Mail: info@pyro1-feuerwerke.de Zust\u00e4ndige Aufsichtsbeh\u00f6rdeRegierung der Oberpfalz- GewerbeaufsichtsamtRegensburg Verantwortlich f\u00fcr den Inhalt nach \u00a755 Abs.2 RstV:Dominik R\u00fcblErlenweg 1992685 Floss<\/p>\n","protected":false},"author":1,"featured_media":0,"parent":0,"menu_order":0,"comment_status":"closed","ping_status":"closed","template":"","meta":{"footnotes":""},"class_list":["post-50","page","type-page","status-publish","hentry"],"_links":{"self":[{"href":"https:\/\/www.pyro1-feuerwerke.de\/index.php?rest_route=\/wp\/v2\/pages\/50","targetHints":{"allow":["GET"]}}],"collection":[{"href":"https:\/\/www.pyro1-feuerwerke.de\/index.php?rest_route=\/wp\/v2\/pages"}],"about":[{"href":"https:\/\/www.pyro1-feuerwerke.de\/index.php?rest_route=\/wp\/v2\/types\/page"}],"author":[{"embeddable":true,"href":"https:\/\/www.pyro1-feuerwerke.de\/index.php?rest_route=\/wp\/v2\/users\/1"}],"replies":[{"embeddable":true,"href":"https:\/\/www.pyro1-feuerwerke.de\/index.php?rest_route=%2Fwp%2Fv2%2Fcomments&post=50"}],"version-history":[{"count":1,"href":"https:\/\/www.pyro1-feuerwerke.de\/index.php?rest_route=\/wp\/v2\/pages\/50\/revisions"}],"predecessor-version":[{"id":51,"href":"https:\/\/www.pyro1-feuerwerke.de\/index.php?rest_route=\/wp\/v2\/pages\/50\/revisions\/51"}],"wp:attachment":[{"href":"https:\/\/www.pyro1-feuerwerke.de\/index.php?rest_route=%2Fwp%2Fv2%2Fmedia&parent=50"}],"curies":[{"name":"wp","href":"https:\/\/api.w.org\/{rel}","templated":true}]}}